{"id":14,"date":"2021-05-09T17:38:02","date_gmt":"2021-05-09T17:38:02","guid":{"rendered":"https:\/\/www.hexdevnet.eu\/?page_id=14"},"modified":"2021-05-10T12:15:38","modified_gmt":"2021-05-10T10:15:38","slug":"create-your-website-with-blocks","status":"publish","type":"page","link":"https:\/\/www.hexdevnet.eu\/","title":{"rendered":"HEXDEVNET"},"content":{"rendered":"\n<p class=\"has-extra-large-font-size\">V\u00cdT\u00c1 V\u00c1S SOUKROM\u00c1 V\u00ddVOJOV\u00c1 S\u00cd\u0164 HEXDEVNET<\/p>\n","protected":false},"excerpt":{"rendered":"<p>V\u00cdT\u00c1 V\u00c1S SOUKROM\u00c1 V\u00ddVOJOV\u00c1 S\u00cd\u0164 HEXDEVNET<\/p>\n","protected":false},"author":1,"featured_media":0,"parent":0,"menu_order":0,"comment_status":"closed","ping_status":"closed","template":"","meta":[],"_links":{"self":[{"href":"https:\/\/www.hexdevnet.eu\/index.php\/wp-json\/wp\/v2\/pages\/14"}],"collection":[{"href":"https:\/\/www.hexdevnet.eu\/index.php\/wp-json\/wp\/v2\/pages"}],"about":[{"href":"https:\/\/www.hexdevnet.eu\/index.php\/wp-json\/wp\/v2\/types\/page"}],"author":[{"embeddable":true,"href":"https:\/\/www.hexdevnet.eu\/index.php\/wp-json\/wp\/v2\/users\/1"}],"replies":[{"embeddable":true,"href":"https:\/\/www.hexdevnet.eu\/index.php\/wp-json\/wp\/v2\/comments?post=14"}],"version-history":[{"count":4,"href":"https:\/\/www.hexdevnet.eu\/index.php\/wp-json\/wp\/v2\/pages\/14\/revisions"}],"predecessor-version":[{"id":50,"href":"https:\/\/www.hexdevnet.eu\/index.php\/wp-json\/wp\/v2\/pages\/14\/revisions\/50"}],"wp:attachment":[{"href":"https:\/\/www.hexdevnet.eu\/index.php\/wp-json\/wp\/v2\/media?parent=14"}],"curies":[{"name":"wp","href":"https:\/\/api.w.org\/{rel}","templated":true}]}}