{"id":15,"date":"2021-05-09T17:38:02","date_gmt":"2021-05-09T17:38:02","guid":{"rendered":"https:\/\/www.hexdevnet.eu\/?page_id=15"},"modified":"2021-05-10T11:40:40","modified_gmt":"2021-05-10T09:40:40","slug":"about","status":"publish","type":"page","link":"https:\/\/www.hexdevnet.eu\/index.php\/about\/","title":{"rendered":"O N\u00c1S"},"content":{"rendered":"\n<p>HexDevNet je v\u00fdvojov\u00e1, hern\u00ed a tv\u016fr\u010d\u00ed s\u00ed\u0165  n\u011bkolika r\u016fzn\u00fdch projekt\u016f a slu\u017eeb. Jedn\u00e1 se p\u0159edev\u0161\u00edm o mal\u00e9 a soukrom\u00e9 projekty.<\/p>\n","protected":false},"excerpt":{"rendered":"<p>HexDevNet je v\u00fdvojov\u00e1, hern\u00ed a tv\u016fr\u010d\u00ed s\u00ed\u0165 n\u011bkolika r\u016fzn\u00fdch projekt\u016f a slu\u017eeb. Jedn\u00e1 se p\u0159edev\u0161\u00edm o mal\u00e9 a soukrom\u00e9 projekty.<\/p>\n","protected":false},"author":1,"featured_media":0,"parent":0,"menu_order":0,"comment_status":"closed","ping_status":"closed","template":"","meta":[],"_links":{"self":[{"href":"https:\/\/www.hexdevnet.eu\/index.php\/wp-json\/wp\/v2\/pages\/15"}],"collection":[{"href":"https:\/\/www.hexdevnet.eu\/index.php\/wp-json\/wp\/v2\/pages"}],"about":[{"href":"https:\/\/www.hexdevnet.eu\/index.php\/wp-json\/wp\/v2\/types\/page"}],"author":[{"embeddable":true,"href":"https:\/\/www.hexdevnet.eu\/index.php\/wp-json\/wp\/v2\/users\/1"}],"replies":[{"embeddable":true,"href":"https:\/\/www.hexdevnet.eu\/index.php\/wp-json\/wp\/v2\/comments?post=15"}],"version-history":[{"count":3,"href":"https:\/\/www.hexdevnet.eu\/index.php\/wp-json\/wp\/v2\/pages\/15\/revisions"}],"predecessor-version":[{"id":39,"href":"https:\/\/www.hexdevnet.eu\/index.php\/wp-json\/wp\/v2\/pages\/15\/revisions\/39"}],"wp:attachment":[{"href":"https:\/\/www.hexdevnet.eu\/index.php\/wp-json\/wp\/v2\/media?parent=15"}],"curies":[{"name":"wp","href":"https:\/\/api.w.org\/{rel}","templated":true}]}}